{"id":1452,"date":"2017-05-18T10:28:14","date_gmt":"2017-05-18T08:28:14","guid":{"rendered":"http:\/\/croestate.novevibracije.com\/locations\/"},"modified":"2023-07-03T22:59:07","modified_gmt":"2023-07-03T20:59:07","slug":"locations","status":"publish","type":"page","link":"https:\/\/croatian.estate\/hr\/locations\/","title":{"rendered":"Obala"},"content":{"rendered":"\t\t<div data-elementor-type=\"wp-page\" data-elementor-id=\"1452\" class=\"elementor elementor-1452 elementor-860\">\n\t\t\t\t\t\t\t\t\t<section class=\"elementor-section elementor-top-section elementor-element elementor-element-dc8c8d1 elementor-section-boxed elementor-section-height-default elementor-section-height-default\" data-id=\"dc8c8d1\" data-element_type=\"section\">\n\t\t\t\t\t\t<div class=\"elementor-container elementor-column-gap-default\">\n\t\t\t\t\t<div class=\"elementor-column elementor-col-33 elementor-top-column elementor-element elementor-element-6961210\" data-id=\"6961210\" data-element_type=\"column\">\n\t\t\t<div class=\"elementor-widget-wrap elementor-element-populated\">\n\t\t\t\t\t\t\t\t<div class=\"elementor-element elementor-element-d797dfa elementor-widget elementor-widget-image\" data-id=\"d797dfa\" data-element_type=\"widget\" data-widget_type=\"image.default\">\n\t\t\t\t<div class=\"elementor-widget-container\">\n\t\t\t<style>\/*! elementor - v3.14.0 - 26-06-2023 *\/\n.elementor-widget-image{text-align:center}.elementor-widget-image a{display:inline-block}.elementor-widget-image a img[src$=\".svg\"]{width:48px}.elementor-widget-image img{vertical-align:middle;display:inline-block}<\/style>\t\t\t\t\t\t\t\t\t\t\t\t\t<a href=\"\/hr\/property-city\/split-real-estate\/\">\n\t\t\t\t\t\t\t<img decoding=\"async\" width=\"488\" height=\"326\" src=\"https:\/\/croatian.estate\/wp-content\/uploads\/2023\/06\/Split-min-488x326.jpg\" class=\"attachment-property-thumb-image size-property-thumb-image wp-image-37827\" alt=\"\" loading=\"lazy\" \/>\t\t\t\t\t\t\t\t<\/a>\n\t\t\t\t\t\t\t\t\t\t\t\t\t\t\t<\/div>\n\t\t\t\t<\/div>\n\t\t\t\t<div class=\"elementor-element elementor-element-c93da37 elementor-absolute elementor-widget__width-auto elementor-widget elementor-widget-heading\" data-id=\"c93da37\" data-element_type=\"widget\" data-settings=\"{&quot;_position&quot;:&quot;absolute&quot;}\" data-widget_type=\"heading.default\">\n\t\t\t\t<div class=\"elementor-widget-container\">\n\t\t\t<style>\/*! elementor - v3.14.0 - 26-06-2023 *\/\n.elementor-heading-title{padding:0;margin:0;line-height:1}.elementor-widget-heading .elementor-heading-title[class*=elementor-size-]>a{color:inherit;font-size:inherit;line-height:inherit}.elementor-widget-heading .elementor-heading-title.elementor-size-small{font-size:15px}.elementor-widget-heading .elementor-heading-title.elementor-size-medium{font-size:19px}.elementor-widget-heading .elementor-heading-title.elementor-size-large{font-size:29px}.elementor-widget-heading .elementor-heading-title.elementor-size-xl{font-size:39px}.elementor-widget-heading .elementor-heading-title.elementor-size-xxl{font-size:59px}<\/style><h1 class=\"elementor-heading-title elementor-size-default\"><a href=\"\/hr\/property-city\/split-real-estate\/\">Split<\/a><\/h1>\t\t<\/div>\n\t\t\t\t<\/div>\n\t\t\t\t\t<\/div>\n\t\t<\/div>\n\t\t\t\t<div class=\"elementor-column elementor-col-33 elementor-top-column elementor-element elementor-element-964f8d6\" data-id=\"964f8d6\" data-element_type=\"column\">\n\t\t\t<div class=\"elementor-widget-wrap elementor-element-populated\">\n\t\t\t\t\t\t\t\t<div class=\"elementor-element elementor-element-153a592 elementor-widget elementor-widget-image\" data-id=\"153a592\" data-element_type=\"widget\" data-widget_type=\"image.default\">\n\t\t\t\t<div class=\"elementor-widget-container\">\n\t\t\t\t\t\t\t\t\t\t\t\t\t\t\t\t<a href=\"\/hr\/property-city\/trogir-real-estate\/\">\n\t\t\t\t\t\t\t<img decoding=\"async\" width=\"488\" height=\"326\" src=\"https:\/\/croatian.estate\/wp-content\/uploads\/2023\/06\/Trogir-min-488x326.jpg\" class=\"attachment-property-thumb-image size-property-thumb-image wp-image-37830\" alt=\"\" loading=\"lazy\" \/>\t\t\t\t\t\t\t\t<\/a>\n\t\t\t\t\t\t\t\t\t\t\t\t\t\t\t<\/div>\n\t\t\t\t<\/div>\n\t\t\t\t<div class=\"elementor-element elementor-element-33a1916 elementor-absolute elementor-widget__width-auto elementor-widget elementor-widget-heading\" data-id=\"33a1916\" data-element_type=\"widget\" data-settings=\"{&quot;_position&quot;:&quot;absolute&quot;}\" data-widget_type=\"heading.default\">\n\t\t\t\t<div class=\"elementor-widget-container\">\n\t\t\t<h1 class=\"elementor-heading-title elementor-size-default\"><a href=\"\/hr\/property-city\/trogir-real-estate\/\">Trogir<\/a><\/h1>\t\t<\/div>\n\t\t\t\t<\/div>\n\t\t\t\t\t<\/div>\n\t\t<\/div>\n\t\t\t\t<div class=\"elementor-column elementor-col-33 elementor-top-column elementor-element elementor-element-9f3f0a8\" data-id=\"9f3f0a8\" data-element_type=\"column\">\n\t\t\t<div class=\"elementor-widget-wrap elementor-element-populated\">\n\t\t\t\t\t\t\t\t<div class=\"elementor-element elementor-element-59780e5 elementor-widget elementor-widget-image\" data-id=\"59780e5\" data-element_type=\"widget\" data-widget_type=\"image.default\">\n\t\t\t\t<div class=\"elementor-widget-container\">\n\t\t\t\t\t\t\t\t\t\t\t\t\t\t\t\t<a href=\"\/hr\/property-city\/omis-real-estate\/\">\n\t\t\t\t\t\t\t<img decoding=\"async\" width=\"488\" height=\"326\" src=\"https:\/\/croatian.estate\/wp-content\/uploads\/2023\/06\/Omis-min-488x326.jpg\" class=\"attachment-property-thumb-image size-property-thumb-image wp-image-37812\" alt=\"\" loading=\"lazy\" \/>\t\t\t\t\t\t\t\t<\/a>\n\t\t\t\t\t\t\t\t\t\t\t\t\t\t\t<\/div>\n\t\t\t\t<\/div>\n\t\t\t\t<div class=\"elementor-element elementor-element-6f06d75 elementor-absolute elementor-widget__width-auto elementor-widget elementor-widget-heading\" data-id=\"6f06d75\" data-element_type=\"widget\" data-settings=\"{&quot;_position&quot;:&quot;absolute&quot;}\" data-widget_type=\"heading.default\">\n\t\t\t\t<div class=\"elementor-widget-container\">\n\t\t\t<h1 class=\"elementor-heading-title elementor-size-default\"><a href=\"\/hr\/property-city\/omis-real-estate\/\">Omi\u0161<\/a><\/h1>\t\t<\/div>\n\t\t\t\t<\/div>\n\t\t\t\t\t<\/div>\n\t\t<\/div>\n\t\t\t\t\t\t\t<\/div>\n\t\t<\/section>\n\t\t\t\t<section class=\"elementor-section elementor-top-section elementor-element elementor-element-eed0f26 elementor-section-boxed elementor-section-height-default elementor-section-height-default\" data-id=\"eed0f26\" data-element_type=\"section\">\n\t\t\t\t\t\t<div class=\"elementor-container elementor-column-gap-default\">\n\t\t\t\t\t<div class=\"elementor-column elementor-col-33 elementor-top-column elementor-element elementor-element-d751333\" data-id=\"d751333\" data-element_type=\"column\">\n\t\t\t<div class=\"elementor-widget-wrap elementor-element-populated\">\n\t\t\t\t\t\t\t\t<div class=\"elementor-element elementor-element-4ccfc97 elementor-widget elementor-widget-image\" data-id=\"4ccfc97\" data-element_type=\"widget\" data-widget_type=\"image.default\">\n\t\t\t\t<div class=\"elementor-widget-container\">\n\t\t\t\t\t\t\t\t\t\t\t\t\t\t\t\t<a href=\"\/hr\/property-city\/rogoznica-real-estate\/\">\n\t\t\t\t\t\t\t<img decoding=\"async\" width=\"488\" height=\"326\" src=\"https:\/\/croatian.estate\/wp-content\/uploads\/2023\/06\/Rogoznica-min-488x326.jpg\" class=\"attachment-property-thumb-image size-property-thumb-image wp-image-37821\" alt=\"\" loading=\"lazy\" \/>\t\t\t\t\t\t\t\t<\/a>\n\t\t\t\t\t\t\t\t\t\t\t\t\t\t\t<\/div>\n\t\t\t\t<\/div>\n\t\t\t\t<div class=\"elementor-element elementor-element-a52caa7 elementor-absolute elementor-widget__width-auto elementor-widget elementor-widget-heading\" data-id=\"a52caa7\" data-element_type=\"widget\" data-settings=\"{&quot;_position&quot;:&quot;absolute&quot;}\" data-widget_type=\"heading.default\">\n\t\t\t\t<div class=\"elementor-widget-container\">\n\t\t\t<h1 class=\"elementor-heading-title elementor-size-default\"><a href=\"\/hr\/property-city\/rogoznica-real-estate\/\">Rogoznica<\/a><\/h1>\t\t<\/div>\n\t\t\t\t<\/div>\n\t\t\t\t\t<\/div>\n\t\t<\/div>\n\t\t\t\t<div class=\"elementor-column elementor-col-33 elementor-top-column elementor-element elementor-element-2563040\" data-id=\"2563040\" data-element_type=\"column\">\n\t\t\t<div class=\"elementor-widget-wrap elementor-element-populated\">\n\t\t\t\t\t\t\t\t<div class=\"elementor-element elementor-element-0bd5ab8 elementor-widget elementor-widget-image\" data-id=\"0bd5ab8\" data-element_type=\"widget\" data-widget_type=\"image.default\">\n\t\t\t\t<div class=\"elementor-widget-container\">\n\t\t\t\t\t\t\t\t\t\t\t\t\t\t\t\t<a href=\"\/hr\/property-city\/primosten-real-estate\/\">\n\t\t\t\t\t\t\t<img decoding=\"async\" width=\"488\" height=\"326\" src=\"https:\/\/croatian.estate\/wp-content\/uploads\/2023\/06\/Primosten-min-488x326.jpg\" class=\"attachment-property-thumb-image size-property-thumb-image wp-image-37818\" alt=\"\" loading=\"lazy\" \/>\t\t\t\t\t\t\t\t<\/a>\n\t\t\t\t\t\t\t\t\t\t\t\t\t\t\t<\/div>\n\t\t\t\t<\/div>\n\t\t\t\t<div class=\"elementor-element elementor-element-e2cb139 elementor-absolute elementor-widget__width-auto elementor-widget elementor-widget-heading\" data-id=\"e2cb139\" data-element_type=\"widget\" data-settings=\"{&quot;_position&quot;:&quot;absolute&quot;}\" data-widget_type=\"heading.default\">\n\t\t\t\t<div class=\"elementor-widget-container\">\n\t\t\t<h1 class=\"elementor-heading-title elementor-size-default\"><a href=\"\/hr\/property-city\/primosten-real-estate\/\">Primo\u0161ten<\/a><\/h1>\t\t<\/div>\n\t\t\t\t<\/div>\n\t\t\t\t\t<\/div>\n\t\t<\/div>\n\t\t\t\t<div class=\"elementor-column elementor-col-33 elementor-top-column elementor-element elementor-element-c4a4d65\" data-id=\"c4a4d65\" data-element_type=\"column\">\n\t\t\t<div class=\"elementor-widget-wrap elementor-element-populated\">\n\t\t\t\t\t\t\t\t<div class=\"elementor-element elementor-element-555b0ce elementor-widget elementor-widget-image\" data-id=\"555b0ce\" data-element_type=\"widget\" data-widget_type=\"image.default\">\n\t\t\t\t<div class=\"elementor-widget-container\">\n\t\t\t\t\t\t\t\t\t\t\t\t\t\t\t\t<a href=\"\/hr\/property-city\/makarska-real-estate\/\">\n\t\t\t\t\t\t\t<img decoding=\"async\" width=\"488\" height=\"326\" src=\"https:\/\/croatian.estate\/wp-content\/uploads\/2023\/06\/Makarska-min-488x326.jpg\" class=\"attachment-property-thumb-image size-property-thumb-image wp-image-37809\" alt=\"\" loading=\"lazy\" \/>\t\t\t\t\t\t\t\t<\/a>\n\t\t\t\t\t\t\t\t\t\t\t\t\t\t\t<\/div>\n\t\t\t\t<\/div>\n\t\t\t\t<div class=\"elementor-element elementor-element-efcca6f elementor-absolute elementor-widget__width-auto elementor-widget elementor-widget-heading\" data-id=\"efcca6f\" data-element_type=\"widget\" data-settings=\"{&quot;_position&quot;:&quot;absolute&quot;}\" data-widget_type=\"heading.default\">\n\t\t\t\t<div class=\"elementor-widget-container\">\n\t\t\t<h1 class=\"elementor-heading-title elementor-size-default\"><a href=\"\/hr\/property-city\/makarska-real-estate\/\">Makarska<\/a><\/h1>\t\t<\/div>\n\t\t\t\t<\/div>\n\t\t\t\t\t<\/div>\n\t\t<\/div>\n\t\t\t\t\t\t\t<\/div>\n\t\t<\/section>\n\t\t\t\t<section class=\"elementor-section elementor-top-section elementor-element elementor-element-53a960f elementor-section-boxed elementor-section-height-default elementor-section-height-default\" data-id=\"53a960f\" data-element_type=\"section\">\n\t\t\t\t\t\t<div class=\"elementor-container elementor-column-gap-default\">\n\t\t\t\t\t<div class=\"elementor-column elementor-col-33 elementor-top-column elementor-element elementor-element-7590a29\" data-id=\"7590a29\" data-element_type=\"column\">\n\t\t\t<div class=\"elementor-widget-wrap elementor-element-populated\">\n\t\t\t\t\t\t\t\t<div class=\"elementor-element elementor-element-f3db47a elementor-widget elementor-widget-image\" data-id=\"f3db47a\" data-element_type=\"widget\" data-widget_type=\"image.default\">\n\t\t\t\t<div class=\"elementor-widget-container\">\n\t\t\t\t\t\t\t\t\t\t\t\t\t\t\t\t<a href=\"\/hr\/property-city\/dubrovnik-real-estate\/\">\n\t\t\t\t\t\t\t<img decoding=\"async\" width=\"488\" height=\"326\" src=\"https:\/\/croatian.estate\/wp-content\/uploads\/2023\/06\/Dubrovnik-min-488x326.jpg\" class=\"attachment-property-thumb-image size-property-thumb-image wp-image-37803\" alt=\"\" loading=\"lazy\" \/>\t\t\t\t\t\t\t\t<\/a>\n\t\t\t\t\t\t\t\t\t\t\t\t\t\t\t<\/div>\n\t\t\t\t<\/div>\n\t\t\t\t<div class=\"elementor-element elementor-element-d1846ea elementor-absolute elementor-widget__width-auto elementor-widget elementor-widget-heading\" data-id=\"d1846ea\" data-element_type=\"widget\" data-settings=\"{&quot;_position&quot;:&quot;absolute&quot;}\" data-widget_type=\"heading.default\">\n\t\t\t\t<div class=\"elementor-widget-container\">\n\t\t\t<h1 class=\"elementor-heading-title elementor-size-default\"><a href=\"\/hr\/property-city\/dubrovnik-real-estate\/\">Dubrovnik<\/a><\/h1>\t\t<\/div>\n\t\t\t\t<\/div>\n\t\t\t\t\t<\/div>\n\t\t<\/div>\n\t\t\t\t<div class=\"elementor-column elementor-col-33 elementor-top-column elementor-element elementor-element-11856c6\" data-id=\"11856c6\" data-element_type=\"column\">\n\t\t\t<div class=\"elementor-widget-wrap elementor-element-populated\">\n\t\t\t\t\t\t\t\t<div class=\"elementor-element elementor-element-8039a08 elementor-widget elementor-widget-image\" data-id=\"8039a08\" data-element_type=\"widget\" data-widget_type=\"image.default\">\n\t\t\t\t<div class=\"elementor-widget-container\">\n\t\t\t\t\t\t\t\t\t\t\t\t\t\t\t\t<a href=\"\/hr\/property-city\/sibenik-real-estate\/\">\n\t\t\t\t\t\t\t<img decoding=\"async\" width=\"488\" height=\"326\" src=\"https:\/\/croatian.estate\/wp-content\/uploads\/2023\/06\/Sibenik-min-488x326.jpg\" class=\"attachment-property-thumb-image size-property-thumb-image wp-image-37824\" alt=\"\" loading=\"lazy\" \/>\t\t\t\t\t\t\t\t<\/a>\n\t\t\t\t\t\t\t\t\t\t\t\t\t\t\t<\/div>\n\t\t\t\t<\/div>\n\t\t\t\t<div class=\"elementor-element elementor-element-be1ae05 elementor-absolute elementor-widget__width-auto elementor-widget elementor-widget-heading\" data-id=\"be1ae05\" data-element_type=\"widget\" data-settings=\"{&quot;_position&quot;:&quot;absolute&quot;}\" data-widget_type=\"heading.default\">\n\t\t\t\t<div class=\"elementor-widget-container\">\n\t\t\t<h1 class=\"elementor-heading-title elementor-size-default\"><a href=\"\/hr\/property-city\/sibenik-real-estate\/\">\u0160ibenik<\/a><\/h1>\t\t<\/div>\n\t\t\t\t<\/div>\n\t\t\t\t\t<\/div>\n\t\t<\/div>\n\t\t\t\t<div class=\"elementor-column elementor-col-33 elementor-top-column elementor-element elementor-element-ecfa9da\" data-id=\"ecfa9da\" data-element_type=\"column\">\n\t\t\t<div class=\"elementor-widget-wrap elementor-element-populated\">\n\t\t\t\t\t\t\t\t<div class=\"elementor-element elementor-element-ec09cd7 elementor-widget elementor-widget-image\" data-id=\"ec09cd7\" data-element_type=\"widget\" data-widget_type=\"image.default\">\n\t\t\t\t<div class=\"elementor-widget-container\">\n\t\t\t\t\t\t\t\t\t\t\t\t\t\t\t\t<a href=\"\/hr\/property-city\/zadar-real-estate\/\">\n\t\t\t\t\t\t\t<img decoding=\"async\" width=\"488\" height=\"326\" src=\"https:\/\/croatian.estate\/wp-content\/uploads\/2023\/06\/Zadar-min-488x326.jpg\" class=\"attachment-property-thumb-image size-property-thumb-image wp-image-37833\" alt=\"\" loading=\"lazy\" \/>\t\t\t\t\t\t\t\t<\/a>\n\t\t\t\t\t\t\t\t\t\t\t\t\t\t\t<\/div>\n\t\t\t\t<\/div>\n\t\t\t\t<div class=\"elementor-element elementor-element-0755940 elementor-absolute elementor-widget__width-auto elementor-widget elementor-widget-heading\" data-id=\"0755940\" data-element_type=\"widget\" data-settings=\"{&quot;_position&quot;:&quot;absolute&quot;}\" data-widget_type=\"heading.default\">\n\t\t\t\t<div class=\"elementor-widget-container\">\n\t\t\t<h1 class=\"elementor-heading-title elementor-size-default\"><a href=\"\/hr\/property-city\/zadar-real-estate\/\">Zadar<\/a><\/h1>\t\t<\/div>\n\t\t\t\t<\/div>\n\t\t\t\t\t<\/div>\n\t\t<\/div>\n\t\t\t\t\t\t\t<\/div>\n\t\t<\/section>\n\t\t\t\t<section class=\"elementor-section elementor-top-section elementor-element elementor-element-4420a91 elementor-section-boxed elementor-section-height-default elementor-section-height-default\" data-id=\"4420a91\" data-element_type=\"section\">\n\t\t\t\t\t\t<div class=\"elementor-container elementor-column-gap-default\">\n\t\t\t\t\t<div class=\"elementor-column elementor-col-33 elementor-top-column elementor-element elementor-element-6ac8990\" data-id=\"6ac8990\" data-element_type=\"column\">\n\t\t\t<div class=\"elementor-widget-wrap elementor-element-populated\">\n\t\t\t\t\t\t\t\t<div class=\"elementor-element elementor-element-56b6d4f elementor-widget elementor-widget-image\" data-id=\"56b6d4f\" data-element_type=\"widget\" data-widget_type=\"image.default\">\n\t\t\t\t<div class=\"elementor-widget-container\">\n\t\t\t\t\t\t\t\t\t\t\t\t\t\t\t\t<a href=\"\/hr\/property-city\/peljesac-real-estate\/\">\n\t\t\t\t\t\t\t<img decoding=\"async\" width=\"488\" height=\"326\" src=\"https:\/\/croatian.estate\/wp-content\/uploads\/2023\/06\/Peljesac-min-488x326.jpg\" class=\"attachment-property-thumb-image size-property-thumb-image wp-image-37815\" alt=\"\" loading=\"lazy\" \/>\t\t\t\t\t\t\t\t<\/a>\n\t\t\t\t\t\t\t\t\t\t\t\t\t\t\t<\/div>\n\t\t\t\t<\/div>\n\t\t\t\t<div class=\"elementor-element elementor-element-8745cb7 elementor-absolute elementor-widget__width-auto elementor-widget elementor-widget-heading\" data-id=\"8745cb7\" data-element_type=\"widget\" data-settings=\"{&quot;_position&quot;:&quot;absolute&quot;}\" data-widget_type=\"heading.default\">\n\t\t\t\t<div class=\"elementor-widget-container\">\n\t\t\t<h1 class=\"elementor-heading-title elementor-size-default\"><a href=\"\/hr\/property-city\/peljesac-real-estate\/\">Pelje\u0161ac<\/a><\/h1>\t\t<\/div>\n\t\t\t\t<\/div>\n\t\t\t\t\t<\/div>\n\t\t<\/div>\n\t\t\t\t<div class=\"elementor-column elementor-col-33 elementor-top-column elementor-element elementor-element-8c32b2b\" data-id=\"8c32b2b\" data-element_type=\"column\">\n\t\t\t<div class=\"elementor-widget-wrap elementor-element-populated\">\n\t\t\t\t\t\t\t\t<div class=\"elementor-element elementor-element-022e221 elementor-widget elementor-widget-image\" data-id=\"022e221\" data-element_type=\"widget\" data-widget_type=\"image.default\">\n\t\t\t\t<div class=\"elementor-widget-container\">\n\t\t\t\t\t\t\t\t\t\t\t\t\t\t\t\t<a href=\"\/hr\/property-city\/kastela-real-estate\/\">\n\t\t\t\t\t\t\t<img decoding=\"async\" width=\"488\" height=\"326\" src=\"https:\/\/croatian.estate\/wp-content\/uploads\/2023\/06\/Kastela-min-488x326.jpg\" class=\"attachment-property-thumb-image size-property-thumb-image wp-image-37806\" alt=\"\" loading=\"lazy\" \/>\t\t\t\t\t\t\t\t<\/a>\n\t\t\t\t\t\t\t\t\t\t\t\t\t\t\t<\/div>\n\t\t\t\t<\/div>\n\t\t\t\t<div class=\"elementor-element elementor-element-579961b elementor-absolute elementor-widget__width-auto elementor-widget elementor-widget-heading\" data-id=\"579961b\" data-element_type=\"widget\" data-settings=\"{&quot;_position&quot;:&quot;absolute&quot;}\" data-widget_type=\"heading.default\">\n\t\t\t\t<div class=\"elementor-widget-container\">\n\t\t\t<h1 class=\"elementor-heading-title elementor-size-default\"><a href=\"\/hr\/property-city\/kastela-real-estate\/\">Ka\u0161tela<\/a><\/h1>\t\t<\/div>\n\t\t\t\t<\/div>\n\t\t\t\t\t<\/div>\n\t\t<\/div>\n\t\t\t\t<div class=\"elementor-column elementor-col-33 elementor-top-column elementor-element elementor-element-2d82f6f\" data-id=\"2d82f6f\" data-element_type=\"column\">\n\t\t\t<div class=\"elementor-widget-wrap\">\n\t\t\t\t\t\t\t\t\t<\/div>\n\t\t<\/div>\n\t\t\t\t\t\t\t<\/div>\n\t\t<\/section>\n\t\t\t\t\t\t\t<\/div>\n\t\t","protected":false},"excerpt":{"rendered":"<p>Split Trogir Omi\u0161 Rogoznica Primo\u0161ten Makarska Dubrovnik \u0160ibenik Zadar Pelje\u0161ac Ka\u0161tela<\/p>\n","protected":false},"author":1,"featured_media":0,"parent":0,"menu_order":0,"comment_status":"closed","ping_status":"closed","template":"elementor_header_footer","meta":[],"yoast_head":"<!-- This site is optimized with the Yoast SEO Premium plugin v20.11 (Yoast SEO v21.8.1) - https:\/\/yoast.com\/wordpress\/plugins\/seo\/ -->\n<title>Obala | Croatian Estate<\/title>\n<meta name=\"robots\" content=\"index, follow, max-snippet:-1, max-image-preview:large, max-video-preview:-1\" \/>\n<link rel=\"canonical\" href=\"https:\/\/croatian.estate\/hr\/locations\/\" \/>\n<meta property=\"og:locale\" content=\"hr_HR\" \/>\n<meta property=\"og:type\" content=\"article\" \/>\n<meta property=\"og:title\" content=\"Obala\" \/>\n<meta property=\"og:description\" content=\"Split Trogir Omi\u0161 Rogoznica Primo\u0161ten Makarska Dubrovnik \u0160ibenik Zadar Pelje\u0161ac Ka\u0161tela\" \/>\n<meta property=\"og:url\" content=\"https:\/\/croatian.estate\/hr\/locations\/\" \/>\n<meta property=\"og:site_name\" content=\"Croatian Estate\" \/>\n<meta property=\"article:publisher\" content=\"https:\/\/facebook.com\/Croatian-Estate-real-estate-agency-184011191636949\/?ref=notif&amp;modal=composer&amp;notif_id=1528874627444517&amp;notif_t=aymt_upsell_tip\" \/>\n<meta property=\"article:modified_time\" content=\"2023-07-03T20:59:07+00:00\" \/>\n<meta property=\"og:image\" content=\"https:\/\/dev.croatian.estate\/wp-content\/uploads\/2023\/06\/Split-min-488x326.jpg\" \/>\n<meta name=\"twitter:card\" content=\"summary_large_image\" \/>\n<script type=\"application\/ld+json\" class=\"yoast-schema-graph\">{\"@context\":\"https:\/\/schema.org\",\"@graph\":[{\"@type\":\"WebPage\",\"@id\":\"https:\/\/croatian.estate\/hr\/locations\/\",\"url\":\"https:\/\/croatian.estate\/hr\/locations\/\",\"name\":\"Obala | Croatian Estate\",\"isPartOf\":{\"@id\":\"https:\/\/croatian.estate\/#website\"},\"datePublished\":\"2017-05-18T08:28:14+00:00\",\"dateModified\":\"2023-07-03T20:59:07+00:00\",\"breadcrumb\":{\"@id\":\"https:\/\/croatian.estate\/hr\/locations\/#breadcrumb\"},\"inLanguage\":\"hr\",\"potentialAction\":[{\"@type\":\"ReadAction\",\"target\":[\"https:\/\/croatian.estate\/hr\/locations\/\"]}]},{\"@type\":\"BreadcrumbList\",\"@id\":\"https:\/\/croatian.estate\/hr\/locations\/#breadcrumb\",\"itemListElement\":[{\"@type\":\"ListItem\",\"position\":1,\"name\":\"Home\",\"item\":\"https:\/\/croatian.estate\/\"},{\"@type\":\"ListItem\",\"position\":2,\"name\":\"Obala\"}]},{\"@type\":\"WebSite\",\"@id\":\"https:\/\/croatian.estate\/#website\",\"url\":\"https:\/\/croatian.estate\/\",\"name\":\"Croatia Property and Real Estate\",\"description\":\"\",\"publisher\":{\"@id\":\"https:\/\/croatian.estate\/#organization\"},\"potentialAction\":[{\"@type\":\"SearchAction\",\"target\":{\"@type\":\"EntryPoint\",\"urlTemplate\":\"https:\/\/croatian.estate\/?s={search_term_string}\"},\"query-input\":\"required name=search_term_string\"}],\"inLanguage\":\"hr\"},{\"@type\":\"Organization\",\"@id\":\"https:\/\/croatian.estate\/#organization\",\"name\":\"Croatian Estate\",\"url\":\"https:\/\/croatian.estate\/\",\"logo\":{\"@type\":\"ImageObject\",\"inLanguage\":\"hr\",\"@id\":\"https:\/\/croatian.estate\/#\/schema\/logo\/image\/\",\"url\":\"https:\/\/croatian.estate\/wp-content\/uploads\/2023\/07\/logo-face.jpg\",\"contentUrl\":\"https:\/\/croatian.estate\/wp-content\/uploads\/2023\/07\/logo-face.jpg\",\"width\":500,\"height\":500,\"caption\":\"Croatian Estate\"},\"image\":{\"@id\":\"https:\/\/croatian.estate\/#\/schema\/logo\/image\/\"},\"sameAs\":[\"https:\/\/facebook.com\/Croatian-Estate-real-estate-agency-184011191636949\/?ref=notif&modal=composer&notif_id=1528874627444517&notif_t=aymt_upsell_tip\",\"https:\/\/www.instagram.com\/croatianestate\/\"]}]}<\/script>\n<!-- \/ Yoast SEO Premium plugin. -->","yoast_head_json":{"title":"Obala | Croatian Estate","robots":{"index":"index","follow":"follow","max-snippet":"max-snippet:-1","max-image-preview":"max-image-preview:large","max-video-preview":"max-video-preview:-1"},"canonical":"https:\/\/croatian.estate\/hr\/locations\/","og_locale":"hr_HR","og_type":"article","og_title":"Obala","og_description":"Split Trogir Omi\u0161 Rogoznica Primo\u0161ten Makarska Dubrovnik \u0160ibenik Zadar Pelje\u0161ac Ka\u0161tela","og_url":"https:\/\/croatian.estate\/hr\/locations\/","og_site_name":"Croatian Estate","article_publisher":"https:\/\/facebook.com\/Croatian-Estate-real-estate-agency-184011191636949\/?ref=notif&modal=composer&notif_id=1528874627444517&notif_t=aymt_upsell_tip","article_modified_time":"2023-07-03T20:59:07+00:00","og_image":[{"url":"https:\/\/dev.croatian.estate\/wp-content\/uploads\/2023\/06\/Split-min-488x326.jpg"}],"twitter_card":"summary_large_image","schema":{"@context":"https:\/\/schema.org","@graph":[{"@type":"WebPage","@id":"https:\/\/croatian.estate\/hr\/locations\/","url":"https:\/\/croatian.estate\/hr\/locations\/","name":"Obala | Croatian Estate","isPartOf":{"@id":"https:\/\/croatian.estate\/#website"},"datePublished":"2017-05-18T08:28:14+00:00","dateModified":"2023-07-03T20:59:07+00:00","breadcrumb":{"@id":"https:\/\/croatian.estate\/hr\/locations\/#breadcrumb"},"inLanguage":"hr","potentialAction":[{"@type":"ReadAction","target":["https:\/\/croatian.estate\/hr\/locations\/"]}]},{"@type":"BreadcrumbList","@id":"https:\/\/croatian.estate\/hr\/locations\/#breadcrumb","itemListElement":[{"@type":"ListItem","position":1,"name":"Home","item":"https:\/\/croatian.estate\/"},{"@type":"ListItem","position":2,"name":"Obala"}]},{"@type":"WebSite","@id":"https:\/\/croatian.estate\/#website","url":"https:\/\/croatian.estate\/","name":"Croatia Property and Real Estate","description":"","publisher":{"@id":"https:\/\/croatian.estate\/#organization"},"potentialAction":[{"@type":"SearchAction","target":{"@type":"EntryPoint","urlTemplate":"https:\/\/croatian.estate\/?s={search_term_string}"},"query-input":"required name=search_term_string"}],"inLanguage":"hr"},{"@type":"Organization","@id":"https:\/\/croatian.estate\/#organization","name":"Croatian Estate","url":"https:\/\/croatian.estate\/","logo":{"@type":"ImageObject","inLanguage":"hr","@id":"https:\/\/croatian.estate\/#\/schema\/logo\/image\/","url":"https:\/\/croatian.estate\/wp-content\/uploads\/2023\/07\/logo-face.jpg","contentUrl":"https:\/\/croatian.estate\/wp-content\/uploads\/2023\/07\/logo-face.jpg","width":500,"height":500,"caption":"Croatian Estate"},"image":{"@id":"https:\/\/croatian.estate\/#\/schema\/logo\/image\/"},"sameAs":["https:\/\/facebook.com\/Croatian-Estate-real-estate-agency-184011191636949\/?ref=notif&modal=composer&notif_id=1528874627444517&notif_t=aymt_upsell_tip","https:\/\/www.instagram.com\/croatianestate\/"]}]}},"_links":{"self":[{"href":"https:\/\/croatian.estate\/hr\/wp-json\/wp\/v2\/pages\/1452"}],"collection":[{"href":"https:\/\/croatian.estate\/hr\/wp-json\/wp\/v2\/pages"}],"about":[{"href":"https:\/\/croatian.estate\/hr\/wp-json\/wp\/v2\/types\/page"}],"author":[{"embeddable":true,"href":"https:\/\/croatian.estate\/hr\/wp-json\/wp\/v2\/users\/1"}],"replies":[{"embeddable":true,"href":"https:\/\/croatian.estate\/hr\/wp-json\/wp\/v2\/comments?post=1452"}],"version-history":[{"count":0,"href":"https:\/\/croatian.estate\/hr\/wp-json\/wp\/v2\/pages\/1452\/revisions"}],"wp:attachment":[{"href":"https:\/\/croatian.estate\/hr\/wp-json\/wp\/v2\/media?parent=1452"}],"curies":[{"name":"wp","href":"https:\/\/api.w.org\/{rel}","templated":true}]}}