{"id":1418,"date":"2017-05-18T10:27:37","date_gmt":"2017-05-18T08:27:37","guid":{"rendered":"http:\/\/croestate.novevibracije.com\/sale-of-real-estate\/"},"modified":"2023-06-09T11:02:55","modified_gmt":"2023-06-09T09:02:55","slug":"prodaja-nekretnine","status":"publish","type":"page","link":"https:\/\/croatian.estate\/hr\/prodaja-nekretnine\/","title":{"rendered":"Prodaja nekretnine"},"content":{"rendered":"<h1>Prodaja nekretnine<\/h1>\n<p>Ukoliko imate nekretninu koju \u017eelite prodati, na\u0161 tim vam je na raspolaganju. Slobodno nam se javite putem e-maila, telefona, ili posjetite na\u0161 ured. Kako bismo krenuli u postupak ogla\u0161avanja nekretnine, zamolit \u0107emo vas za vlasni\u010dki list (ili zemlji\u0161noknji\u017eni broj), dozvole koje ima nekretnina, tlocrt ako ga imate, povr\u0161inu, kratak opis nekretnine, cijenu koju biste \u017eeljeli posti\u0107i i sl.<\/p>\n<p>S vama \u0107emo zatim dogovoriti termin kada mo\u017eemo obi\u0107i nekretninu i napraviti fotografije, nakon \u010dega mo\u017eemo zapo\u010deti s ogla\u0161avanjem. Nekretnine ogla\u0161avamo na na\u0161im internetskim stranicama, na nekoliko portala za nekretnine, a nudimo ih i izravno klijentima iz na\u0161e baze. Kontaktirat \u0107emo vas po svakom ozbiljnom upitu.<\/p>\n<p>Kada se pojavi potencijalni kupac, organizirat \u0107emo razgledavanje nekretnine. Ako klijent odlu\u010di dati svoju ponudu za nekretninu, odmah \u0107emo vas obavijestiti i u dogovoru s vama, zapo\u010deti pregovore.<\/p>\n<p>Nakon \u0161to je kona\u010dna cijena dogovorena, odvjetnik sastavlja kupoprodajni ugovor (ili predugovor ukoliko se isplata ne vr\u0161i jednokratno). Ugovor se potpisuje i ovjerava kod javnog bilje\u017enika. Kada zaprimite cijeli iznos kupoprodajne cijene, potrebno je jo\u0161 samo da potpi\u0161ete tabularnu izjavu (tako\u0111er je sastavlja odvjetnik) kako bi kupac mogao izvr\u0161iti uknji\u017ebu kao novi vlasnik nekretnine.<\/p>\n<p><strong>TRO\u0160AK<\/strong><\/p>\n<p>Agencijska naknada: 3% + PDV. Na\u0161a naknada uklju\u010duje: pregled dokumentacije vezane za nekretninu, razgled nekretnine, fotografiranje te pripremu podataka za ogla\u0161avanje; ogla\u0161avanje na portalima za nekretnine i agencijskoj stranici, sastavljanje kupoprodajne dokumentacije I prijenos svih komunalija sa va\u0161ega na ime kupca.<br \/>\n\n<div class=\"wpcf7 no-js\" id=\"wpcf7-f1420-o1\" lang=\"en-US\" dir=\"ltr\">\n<div class=\"screen-reader-response\"><p role=\"status\" aria-live=\"polite\" aria-atomic=\"true\"><\/p> <ul><\/ul><\/div>\n<form action=\"\/hr\/wp-json\/wp\/v2\/pages\/1418#wpcf7-f1420-o1\" method=\"post\" class=\"wpcf7-form init\" aria-label=\"Contact form\" novalidate=\"novalidate\" data-status=\"init\">\n<div style=\"display: none;\">\n<input type=\"hidden\" name=\"_wpcf7\" value=\"1420\" \/>\n<input type=\"hidden\" name=\"_wpcf7_version\" value=\"5.7.7\" \/>\n<input type=\"hidden\" name=\"_wpcf7_locale\" value=\"en_US\" \/>\n<input type=\"hidden\" name=\"_wpcf7_unit_tag\" value=\"wpcf7-f1420-o1\" \/>\n<input type=\"hidden\" name=\"_wpcf7_container_post\" value=\"0\" \/>\n<input type=\"hidden\" name=\"_wpcf7_posted_data_hash\" value=\"\" \/>\n<input type=\"hidden\" name=\"_wpcf7_recaptcha_response\" value=\"\" \/>\n<\/div>\n<div class=\"sale_form\">\n\t<div class=\"sale_form_col\">\n\t\t<p><label> Ime i prezime: *<br \/>\n<span class=\"wpcf7-form-control-wrap\" data-name=\"your-name\"><input size=\"40\" class=\"wpcf7-form-control wpcf7-text wpcf7-validates-as-required\" aria-required=\"true\" aria-invalid=\"false\" value=\"\" type=\"text\" name=\"your-name\" \/><\/span> <\/label>\n\t\t<\/p>\n\t\t<p><label> E-mail: *<br \/>\n<span class=\"wpcf7-form-control-wrap\" data-name=\"your-email\"><input size=\"40\" class=\"wpcf7-form-control wpcf7-text wpcf7-email wpcf7-validates-as-required wpcf7-validates-as-email\" aria-required=\"true\" aria-invalid=\"false\" value=\"\" type=\"email\" name=\"your-email\" \/><\/span> <\/label>\n\t\t<\/p>\n\t\t<p><label> Kontakt telefon: *<br \/>\n<span class=\"wpcf7-form-control-wrap\" data-name=\"telefphone\"><input size=\"40\" class=\"wpcf7-form-control wpcf7-text wpcf7-validates-as-required\" aria-required=\"true\" aria-invalid=\"false\" value=\"\" type=\"text\" name=\"telefphone\" \/><\/span> <\/label>\n\t\t<\/p>\n\t<\/div>\n\t<div class=\"sale_form_col\">\n\t\t<p><label> Tip nekretnine: *<br \/>\n<span class=\"wpcf7-form-control-wrap\" data-name=\"type\"><input size=\"40\" class=\"wpcf7-form-control wpcf7-text wpcf7-validates-as-required\" aria-required=\"true\" aria-invalid=\"false\" value=\"\" type=\"text\" name=\"type\" \/><\/span> <\/label>\n\t\t<\/p>\n\t\t<p><label> Cjenovni raspon: *<br \/>\n<span class=\"wpcf7-form-control-wrap\" data-name=\"budget\"><input size=\"40\" class=\"wpcf7-form-control wpcf7-text wpcf7-validates-as-required\" aria-required=\"true\" aria-invalid=\"false\" value=\"\" type=\"text\" name=\"budget\" \/><\/span> <\/label>\n\t\t<\/p>\n\t\t<p><label> Lokacija: *<br \/>\n<span class=\"wpcf7-form-control-wrap\" data-name=\"location\"><input size=\"40\" class=\"wpcf7-form-control wpcf7-text wpcf7-validates-as-required\" aria-required=\"true\" aria-invalid=\"false\" value=\"\" type=\"text\" name=\"location\" \/><\/span> <\/label>\n\t\t<\/p>\n\t<\/div>\n\t<div class=\"sale_form\">\n\t\t<p><label> Dodatne informacije: *<br \/>\n<span class=\"wpcf7-form-control-wrap\" data-name=\"your-message\"><textarea cols=\"40\" rows=\"10\" class=\"wpcf7-form-control wpcf7-textarea wpcf7-validates-as-required\" aria-required=\"true\" aria-invalid=\"false\" name=\"your-message\"><\/textarea><\/span> <\/label>\n\t\t<\/p>\n\t<\/div>\n\n<\/div>\n<p><input class=\"wpcf7-form-control has-spinner wpcf7-submit\" type=\"submit\" value=\"Po\u0161alji upit\" \/>\n<\/p><div class=\"wpcf7-response-output\" aria-hidden=\"true\"><\/div>\n<\/form>\n<\/div>\n<\/p>\n","protected":false},"excerpt":{"rendered":"<p>Prodaja nekretnine Ukoliko imate nekretninu koju \u017eelite prodati, na\u0161 tim vam je na raspolaganju. Slobodno nam se javite putem e-maila, telefona, ili posjetite na\u0161 ured. Kako bismo krenuli u postupak ogla\u0161avanja nekretnine, zamolit \u0107emo vas za vlasni\u010dki list (ili zemlji\u0161noknji\u017eni broj), dozvole koje ima nekretnina, tlocrt ako ga imate, povr\u0161inu, kratak opis nekretnine, cijenu koju&#8230;<\/p>\n","protected":false},"author":1,"featured_media":38643,"parent":0,"menu_order":0,"comment_status":"closed","ping_status":"closed","template":"","meta":[],"yoast_head":"<!-- This site is optimized with the Yoast SEO Premium plugin v20.11 (Yoast SEO v21.8.1) - https:\/\/yoast.com\/wordpress\/plugins\/seo\/ -->\n<title>Prodaja nekretnine | Croatian Estate<\/title>\n<meta name=\"robots\" content=\"index, follow, max-snippet:-1, max-image-preview:large, max-video-preview:-1\" \/>\n<link rel=\"canonical\" href=\"https:\/\/croatian.estate\/hr\/prodaja-nekretnine\/\" \/>\n<meta property=\"og:locale\" content=\"hr_HR\" \/>\n<meta property=\"og:type\" content=\"article\" \/>\n<meta property=\"og:title\" content=\"Prodaja nekretnine\" \/>\n<meta property=\"og:description\" content=\"Prodaja nekretnine Ukoliko imate nekretninu koju \u017eelite prodati, na\u0161 tim vam je na raspolaganju. Slobodno nam se javite putem e-maila, telefona, ili posjetite na\u0161 ured. Kako bismo krenuli u postupak ogla\u0161avanja nekretnine, zamolit \u0107emo vas za vlasni\u010dki list (ili zemlji\u0161noknji\u017eni broj), dozvole koje ima nekretnina, tlocrt ako ga imate, povr\u0161inu, kratak opis nekretnine, cijenu koju...\" \/>\n<meta property=\"og:url\" content=\"https:\/\/croatian.estate\/hr\/prodaja-nekretnine\/\" \/>\n<meta property=\"og:site_name\" content=\"Croatian Estate\" \/>\n<meta property=\"article:publisher\" content=\"https:\/\/facebook.com\/Croatian-Estate-real-estate-agency-184011191636949\/?ref=notif&amp;modal=composer&amp;notif_id=1528874627444517&amp;notif_t=aymt_upsell_tip\" \/>\n<meta property=\"article:modified_time\" content=\"2023-06-09T09:02:55+00:00\" \/>\n<meta property=\"og:image\" content=\"https:\/\/croatian.estate\/wp-content\/uploads\/2023\/07\/2.jpg\" \/>\n\t<meta property=\"og:image:width\" content=\"1089\" \/>\n\t<meta property=\"og:image:height\" content=\"367\" \/>\n\t<meta property=\"og:image:type\" content=\"image\/jpeg\" \/>\n<meta name=\"twitter:card\" content=\"summary_large_image\" \/>\n<meta name=\"twitter:label1\" content=\"Procijenjeno vrijeme \u010ditanja\" \/>\n\t<meta name=\"twitter:data1\" content=\"1 minuta\" \/>\n<script type=\"application\/ld+json\" class=\"yoast-schema-graph\">{\"@context\":\"https:\/\/schema.org\",\"@graph\":[{\"@type\":\"WebPage\",\"@id\":\"https:\/\/croatian.estate\/hr\/prodaja-nekretnine\/\",\"url\":\"https:\/\/croatian.estate\/hr\/prodaja-nekretnine\/\",\"name\":\"Prodaja nekretnine | Croatian Estate\",\"isPartOf\":{\"@id\":\"https:\/\/croatian.estate\/#website\"},\"datePublished\":\"2017-05-18T08:27:37+00:00\",\"dateModified\":\"2023-06-09T09:02:55+00:00\",\"breadcrumb\":{\"@id\":\"https:\/\/croatian.estate\/hr\/prodaja-nekretnine\/#breadcrumb\"},\"inLanguage\":\"hr\",\"potentialAction\":[{\"@type\":\"ReadAction\",\"target\":[\"https:\/\/croatian.estate\/hr\/prodaja-nekretnine\/\"]}]},{\"@type\":\"BreadcrumbList\",\"@id\":\"https:\/\/croatian.estate\/hr\/prodaja-nekretnine\/#breadcrumb\",\"itemListElement\":[{\"@type\":\"ListItem\",\"position\":1,\"name\":\"Home\",\"item\":\"https:\/\/croatian.estate\/\"},{\"@type\":\"ListItem\",\"position\":2,\"name\":\"Prodaja nekretnine\"}]},{\"@type\":\"WebSite\",\"@id\":\"https:\/\/croatian.estate\/#website\",\"url\":\"https:\/\/croatian.estate\/\",\"name\":\"Croatia Property and Real Estate\",\"description\":\"\",\"publisher\":{\"@id\":\"https:\/\/croatian.estate\/#organization\"},\"potentialAction\":[{\"@type\":\"SearchAction\",\"target\":{\"@type\":\"EntryPoint\",\"urlTemplate\":\"https:\/\/croatian.estate\/?s={search_term_string}\"},\"query-input\":\"required name=search_term_string\"}],\"inLanguage\":\"hr\"},{\"@type\":\"Organization\",\"@id\":\"https:\/\/croatian.estate\/#organization\",\"name\":\"Croatian Estate\",\"url\":\"https:\/\/croatian.estate\/\",\"logo\":{\"@type\":\"ImageObject\",\"inLanguage\":\"hr\",\"@id\":\"https:\/\/croatian.estate\/#\/schema\/logo\/image\/\",\"url\":\"https:\/\/croatian.estate\/wp-content\/uploads\/2023\/07\/logo-face.jpg\",\"contentUrl\":\"https:\/\/croatian.estate\/wp-content\/uploads\/2023\/07\/logo-face.jpg\",\"width\":500,\"height\":500,\"caption\":\"Croatian Estate\"},\"image\":{\"@id\":\"https:\/\/croatian.estate\/#\/schema\/logo\/image\/\"},\"sameAs\":[\"https:\/\/facebook.com\/Croatian-Estate-real-estate-agency-184011191636949\/?ref=notif&modal=composer&notif_id=1528874627444517&notif_t=aymt_upsell_tip\",\"https:\/\/www.instagram.com\/croatianestate\/\"]}]}<\/script>\n<!-- \/ Yoast SEO Premium plugin. -->","yoast_head_json":{"title":"Prodaja nekretnine | Croatian Estate","robots":{"index":"index","follow":"follow","max-snippet":"max-snippet:-1","max-image-preview":"max-image-preview:large","max-video-preview":"max-video-preview:-1"},"canonical":"https:\/\/croatian.estate\/hr\/prodaja-nekretnine\/","og_locale":"hr_HR","og_type":"article","og_title":"Prodaja nekretnine","og_description":"Prodaja nekretnine Ukoliko imate nekretninu koju \u017eelite prodati, na\u0161 tim vam je na raspolaganju. Slobodno nam se javite putem e-maila, telefona, ili posjetite na\u0161 ured. Kako bismo krenuli u postupak ogla\u0161avanja nekretnine, zamolit \u0107emo vas za vlasni\u010dki list (ili zemlji\u0161noknji\u017eni broj), dozvole koje ima nekretnina, tlocrt ako ga imate, povr\u0161inu, kratak opis nekretnine, cijenu koju...","og_url":"https:\/\/croatian.estate\/hr\/prodaja-nekretnine\/","og_site_name":"Croatian Estate","article_publisher":"https:\/\/facebook.com\/Croatian-Estate-real-estate-agency-184011191636949\/?ref=notif&modal=composer&notif_id=1528874627444517&notif_t=aymt_upsell_tip","article_modified_time":"2023-06-09T09:02:55+00:00","og_image":[{"width":1089,"height":367,"url":"https:\/\/croatian.estate\/wp-content\/uploads\/2023\/07\/2.jpg","type":"image\/jpeg"}],"twitter_card":"summary_large_image","twitter_misc":{"Procijenjeno vrijeme \u010ditanja":"1 minuta"},"schema":{"@context":"https:\/\/schema.org","@graph":[{"@type":"WebPage","@id":"https:\/\/croatian.estate\/hr\/prodaja-nekretnine\/","url":"https:\/\/croatian.estate\/hr\/prodaja-nekretnine\/","name":"Prodaja nekretnine | Croatian Estate","isPartOf":{"@id":"https:\/\/croatian.estate\/#website"},"datePublished":"2017-05-18T08:27:37+00:00","dateModified":"2023-06-09T09:02:55+00:00","breadcrumb":{"@id":"https:\/\/croatian.estate\/hr\/prodaja-nekretnine\/#breadcrumb"},"inLanguage":"hr","potentialAction":[{"@type":"ReadAction","target":["https:\/\/croatian.estate\/hr\/prodaja-nekretnine\/"]}]},{"@type":"BreadcrumbList","@id":"https:\/\/croatian.estate\/hr\/prodaja-nekretnine\/#breadcrumb","itemListElement":[{"@type":"ListItem","position":1,"name":"Home","item":"https:\/\/croatian.estate\/"},{"@type":"ListItem","position":2,"name":"Prodaja nekretnine"}]},{"@type":"WebSite","@id":"https:\/\/croatian.estate\/#website","url":"https:\/\/croatian.estate\/","name":"Croatia Property and Real Estate","description":"","publisher":{"@id":"https:\/\/croatian.estate\/#organization"},"potentialAction":[{"@type":"SearchAction","target":{"@type":"EntryPoint","urlTemplate":"https:\/\/croatian.estate\/?s={search_term_string}"},"query-input":"required name=search_term_string"}],"inLanguage":"hr"},{"@type":"Organization","@id":"https:\/\/croatian.estate\/#organization","name":"Croatian Estate","url":"https:\/\/croatian.estate\/","logo":{"@type":"ImageObject","inLanguage":"hr","@id":"https:\/\/croatian.estate\/#\/schema\/logo\/image\/","url":"https:\/\/croatian.estate\/wp-content\/uploads\/2023\/07\/logo-face.jpg","contentUrl":"https:\/\/croatian.estate\/wp-content\/uploads\/2023\/07\/logo-face.jpg","width":500,"height":500,"caption":"Croatian Estate"},"image":{"@id":"https:\/\/croatian.estate\/#\/schema\/logo\/image\/"},"sameAs":["https:\/\/facebook.com\/Croatian-Estate-real-estate-agency-184011191636949\/?ref=notif&modal=composer&notif_id=1528874627444517&notif_t=aymt_upsell_tip","https:\/\/www.instagram.com\/croatianestate\/"]}]}},"_links":{"self":[{"href":"https:\/\/croatian.estate\/hr\/wp-json\/wp\/v2\/pages\/1418"}],"collection":[{"href":"https:\/\/croatian.estate\/hr\/wp-json\/wp\/v2\/pages"}],"about":[{"href":"https:\/\/croatian.estate\/hr\/wp-json\/wp\/v2\/types\/page"}],"author":[{"embeddable":true,"href":"https:\/\/croatian.estate\/hr\/wp-json\/wp\/v2\/users\/1"}],"replies":[{"embeddable":true,"href":"https:\/\/croatian.estate\/hr\/wp-json\/wp\/v2\/comments?post=1418"}],"version-history":[{"count":0,"href":"https:\/\/croatian.estate\/hr\/wp-json\/wp\/v2\/pages\/1418\/revisions"}],"wp:featuredmedia":[{"embeddable":true,"href":"https:\/\/croatian.estate\/hr\/wp-json\/wp\/v2\/media\/38643"}],"wp:attachment":[{"href":"https:\/\/croatian.estate\/hr\/wp-json\/wp\/v2\/media?parent=1418"}],"curies":[{"name":"wp","href":"https:\/\/api.w.org\/{rel}","templated":true}]}}